{"id":137,"date":"2022-05-22T10:09:39","date_gmt":"2022-05-22T08:09:39","guid":{"rendered":"https:\/\/macontroletechnique.com\/index.php\/mesmerize\/"},"modified":"2025-01-27T09:09:49","modified_gmt":"2025-01-27T08:09:49","slug":"mesmerize","status":"publish","type":"page","link":"https:\/\/macontroletechnique.com\/","title":{"rendered":"Page accueil"},"content":{"rendered":"<div  data-label=\"Content\" data-id=\"content--1\" data-export-id=\"content-3\" data-category=\"content\" class=\"content-3 content-section content-section-spacing\" id=\"content-1\" style=\"background-color: rgb(255, 255, 255);\"><div  class=\"\"> <div  class=\"row middle-xs\"><div  class=\"col-sm-7 full-col-left-padding full-col-right-padding\"> <div  class=\"row\"><div  data-type=\"column\" class=\"space-bottom-small content-title-col content-center-sm\">  <h2  class=\"\">Instruction Technique<\/h2><p  class=\"\">Gr\u00e2ce \u00e0 la page des IT vous trouverez tout ce que vous voulez sur le contr\u00f4le technique, les d\u00e9fauts, les instructions techniques. Une partie de la r\u00e9glementation qui est li\u00e9e avec les d\u00e9fauts.&nbsp;<\/p> <a  class=\"link\" href=\"https:\/\/macontroletechnique.com?page_id=112\" target=\"_blank\" data-cp-link=\"1\" rel=\"noopener\">Instruction Technique<\/a><\/div> <\/div> <div  class=\"row spaced-cols start-sm content-center-sm\" data-type=\"row\"> <div  class=\"col-xs-6\" data-type=\"column\">  <\/div>    <\/div><\/div> <div  class=\"col-sm-5 bg-image shadow-large-black revert-classes-holder\" data-bg=\"image\" style=\"background-image: url(&quot;https:\/\/macontroletechnique.com\/wp-content\/uploads\/2022\/05\/cropped-macontroletechnique000300006-1.jpg&quot;);\"><\/div><\/div> <\/div><\/div><div  data-label=\"Content\" data-id=\"content--2\" data-export-id=\"content-2\" data-category=\"content\" class=\"content-2 content-section content-section-spacing\" id=\"content-2\" style=\"background-color: rgb(255, 255, 255); background-image: none;\"><div  class=\"\"> <div  class=\"row middle-xs\"><div  class=\"col-sm-5 bg-image shadow-large-black\" data-bg=\"image\" style=\"background-image: url(&quot;https:\/\/macontroletechnique.com\/wp-content\/uploads\/2022\/05\/cropped-macontroletechnique00042-1.jpg&quot;);\"><\/div> <div  class=\"col-sm-7 full-col-left-padding full-col-right-padding\"> <div  class=\"row\"> <div  data-type=\"column\" class=\"space-bottom-small content-title-col content-center-sm\">   <h1  class=\"\">Base UTAC<\/h1><p  class=\"lead\">Gr\u00e2ce \u00e0 la page de la base de l\u2019utac. Vous pouvez aller directement sur la r\u00e9glementation sur le site officielle du gouvernement. Et Retrouvez tous les articles li\u00e9s au contr\u00f4le technique.<\/p><a  class=\"link\" href=\"https:\/\/www.utac-otc.com\/v%C3%A9hicules-l%C3%A9gers\/base-documentaire-vl\" target=\"_blank\" data-cp-link=\"1\" rel=\"noopener\">UTAC<\/a><a  class=\"link\" href=\"https:\/\/www.utac-otc.com\/vehicule_leger\/Pages\/base-documentaire.aspx?Category=4a04f508-ee4a-45d9-bbb3-f59675e627a9&amp;SCategory=2\" target=\"_blank\" data-cp-link=\"1\" rel=\"noopener\">Articles <\/a><\/div> <\/div> <div  class=\"row spaced-cols content-right-sm\" data-type=\"row\">   <div  class=\"col-xs-6 col-md-6\" data-type=\"column\"> <\/div>  <div  class=\"col-xs-6 col-md-6\" data-type=\"column\"> <\/div><div  class=\"col-xs-6 col-md-6\" data-type=\"column\"> <\/div><\/div><\/div> <\/div><\/div> <\/div><div  data-label=\"Controleur\" data-id=\"content--3\" data-export-id=\"content-7\" data-category=\"content\" class=\"content-7 content-section content-section-spacing\" id=\"controleur\" style=\"background-color: rgb(255, 255, 255);\"><div  class=\"gridContainer\"> <div  class=\"row middle-sm\"><div  class=\"col-sm-6 space-bottom-xs content-center-sm\" data-type=\"column\"> <h2  class=\"\">Contr\u00f4leur&nbsp;<\/h2> <p  class=\"\">Gr\u00e2ce \u00e0 la page contr\u00f4leur, vous pourrez aussi savoir tout ce qui est \u00e0 savoir sur un contr\u00f4leur, quel dipl\u00f4me il doit poss\u00e9der, qu\u2019est ce qu\u2019il doit faire pour garder son emploi en tant que contr\u00f4leur.<\/p> <a  class=\"link\" href=\"https:\/\/macontroletechnique.com\/index.php\/controleur\" target=\"_self\" data-cp-link=\"1\" rel=\"noopener\">Contr\u00f4leur<\/a><\/div> <div  class=\"col-sm-6 content-center-sm\" data-type=\"column\"> <img  decoding=\"async\" class=\"shadow-large\" src=\"https:\/\/macontroletechnique.com\/wp-content\/uploads\/2023\/03\/cropped-cropped-tinywow_macontroletechnique00036_16183754.png\" title=\"cropped-cropped-tinywow_macontroletechnique00036_16183754.png\" alt=\"\"><\/div> <\/div><\/div> <\/div><div  data-label=\"Content\" data-id=\"content--4\" data-export-id=\"content-8\" data-category=\"content\" class=\"content-8 content-section content-section-spacing\" id=\"content-4\" style=\"background-color: rgb(255, 255, 255); background-image: none;\"><div  class=\"\"> <div  class=\"row middle-sm\"><div  class=\"col-sm-6 space-bottom-xs space-top-xs content-center-sm\" data-type=\"column\"> <img  decoding=\"async\" class=\"shadow-large\" src=\"https:\/\/macontroletechnique.com\/wp-content\/uploads\/2022\/05\/cropped-macontroletechnique.jpg\" title=\"cropped-macontroletechnique.jpg\" alt=\"\"><\/div> <div  class=\"col-sm-6 content-center-sm\" data-type=\"column\"><h2  class=\"\">Equivalance Pneus<\/h2> <p  class=\"\">Gr\u00e2ce aux liens, vous pourrez aller directement sur le site officiel TPNF pour voir ce que vous pouvez monter sur votre v\u00e9hicule, en \u00e9quivalence de pneus et pour que votre voiture passe au contr\u00f4le technique sans avoir de contre-visite avec une taille diff\u00e9rente de celle d\u2019origine.<\/p> <a  class=\"link\" href=\"https:\/\/www.tnpf.fr\/wp-content\/uploads\/2021\/10\/CoDim-T-2021.pdf\" target=\"_blank\" data-cp-link=\"1\" rel=\"noopener\">Equivalences<\/a><a  class=\"link\" href=\"https:\/\/www.tnpf.fr\/partage\/tableau-des-codes-de-vitesse-tnpf\" target=\"_blank\" data-cp-link=\"1\" rel=\"noopener\">Indices de vitesse<\/a><\/div> <\/div><\/div> <\/div>","protected":false},"excerpt":{"rendered":"<p>Instruction TechniqueGr\u00e2ce \u00e0 la page des IT vous trouverez tout ce que vous voulez sur le contr\u00f4le technique, les d\u00e9fauts, les instructions techniques. Une partie de la r\u00e9glementation qui est li\u00e9e avec les d\u00e9fauts.&nbsp; Instruction Technique Base UTACGr\u00e2ce \u00e0 la page de la base de l\u2019utac. Vous pouvez aller directement sur la r\u00e9glementation sur le&hellip; <br \/> <a class=\"read-more\" href=\"https:\/\/macontroletechnique.com\/\">Lire la suite<\/a><\/p>\n","protected":false},"author":1,"featured_media":102,"parent":0,"menu_order":0,"comment_status":"closed","ping_status":"closed","template":"page-templates\/homepage.php","meta":{"_monsterinsights_skip_tracking":false,"_monsterinsights_sitenote_active":false,"_monsterinsights_sitenote_note":"","_monsterinsights_sitenote_category":0,"footnotes":""},"class_list":["post-137","page","type-page","status-publish","has-post-thumbnail","hentry"],"_links":{"self":[{"href":"https:\/\/macontroletechnique.com\/index.php\/wp-json\/wp\/v2\/pages\/137","targetHints":{"allow":["GET"]}}],"collection":[{"href":"https:\/\/macontroletechnique.com\/index.php\/wp-json\/wp\/v2\/pages"}],"about":[{"href":"https:\/\/macontroletechnique.com\/index.php\/wp-json\/wp\/v2\/types\/page"}],"author":[{"embeddable":true,"href":"https:\/\/macontroletechnique.com\/index.php\/wp-json\/wp\/v2\/users\/1"}],"replies":[{"embeddable":true,"href":"https:\/\/macontroletechnique.com\/index.php\/wp-json\/wp\/v2\/comments?post=137"}],"version-history":[{"count":50,"href":"https:\/\/macontroletechnique.com\/index.php\/wp-json\/wp\/v2\/pages\/137\/revisions"}],"predecessor-version":[{"id":788,"href":"https:\/\/macontroletechnique.com\/index.php\/wp-json\/wp\/v2\/pages\/137\/revisions\/788"}],"wp:featuredmedia":[{"embeddable":true,"href":"https:\/\/macontroletechnique.com\/index.php\/wp-json\/wp\/v2\/media\/102"}],"wp:attachment":[{"href":"https:\/\/macontroletechnique.com\/index.php\/wp-json\/wp\/v2\/media?parent=137"}],"curies":[{"name":"wp","href":"https:\/\/api.w.org\/{rel}","templated":true}]}}