{"id":177,"date":"2022-05-22T10:55:29","date_gmt":"2022-05-22T08:55:29","guid":{"rendered":"https:\/\/macontroletechnique.com\/?page_id=177"},"modified":"2022-05-24T11:10:11","modified_gmt":"2022-05-24T09:10:11","slug":"mention-legal","status":"publish","type":"page","link":"https:\/\/macontroletechnique.com\/index.php\/mention-legal\/","title":{"rendered":"Mention L\u00e9gale"},"content":{"rendered":"\n<p><strong>Mentions l\u00e9gales:<\/strong><\/p>\n\n\n\n<p><strong>Editeur du site<\/strong><\/p>\n\n\n\n<p>Johnny Hatron<\/p>\n\n\n\n<p><\/p>\n\n\n\n<p>Courriel : johnny.hat34@gmail.com<\/p>\n\n\n\n<p><\/p>\n\n\n\n<p><strong>Adresse:<\/strong><\/p>\n\n\n\n<p>336 route du Meygial<\/p>\n\n\n\n<p>19700 seilhac<\/p>\n\n\n\n<p><strong>H\u00e9bergement:<\/strong><\/p>\n\n\n\n<p>L\u2019h\u00e9bergement du site est r\u00e9alis\u00e9 par la soci\u00e9t\u00e9 ovh  :<\/p>\n\n\n\n<p>Ovh \u2013 Informatique et Libert\u00e9s \u2013<\/p>\n\n\n\n<p> 2 rue Kellermann 59100 Roubaix 1007<\/p>\n\n\n\n<p><\/p>\n\n\n\n<p>Responsable de la gestion des donn\u00e9es personnelles<\/p>\n\n\n\n<p>Johnny Hatron<\/p>\n\n\n\n<p>johnny.hat34@gmail.com<\/p>\n","protected":false},"excerpt":{"rendered":"<p>Mentions l\u00e9gales: Editeur du site Johnny Hatron Courriel : johnny.hat34@gmail.com Adresse: 336 route du Meygial 19700 seilhac H\u00e9bergement: L\u2019h\u00e9bergement du site est r\u00e9alis\u00e9 par la soci\u00e9t\u00e9 ovh : Ovh \u2013 Informatique et Libert\u00e9s \u2013 2 rue Kellermann 59100 Roubaix 1007 Responsable de la gestion des donn\u00e9es personnelles Johnny Hatron johnny.hat34@gmail.com<\/p>\n","protected":false},"author":1,"featured_media":0,"parent":0,"menu_order":0,"comment_status":"closed","ping_status":"closed","template":"","meta":{"_monsterinsights_skip_tracking":false,"_monsterinsights_sitenote_active":false,"_monsterinsights_sitenote_note":"","_monsterinsights_sitenote_category":0,"footnotes":""},"class_list":["post-177","page","type-page","status-publish","hentry"],"_links":{"self":[{"href":"https:\/\/macontroletechnique.com\/index.php\/wp-json\/wp\/v2\/pages\/177","targetHints":{"allow":["GET"]}}],"collection":[{"href":"https:\/\/macontroletechnique.com\/index.php\/wp-json\/wp\/v2\/pages"}],"about":[{"href":"https:\/\/macontroletechnique.com\/index.php\/wp-json\/wp\/v2\/types\/page"}],"author":[{"embeddable":true,"href":"https:\/\/macontroletechnique.com\/index.php\/wp-json\/wp\/v2\/users\/1"}],"replies":[{"embeddable":true,"href":"https:\/\/macontroletechnique.com\/index.php\/wp-json\/wp\/v2\/comments?post=177"}],"version-history":[{"count":4,"href":"https:\/\/macontroletechnique.com\/index.php\/wp-json\/wp\/v2\/pages\/177\/revisions"}],"predecessor-version":[{"id":815,"href":"https:\/\/macontroletechnique.com\/index.php\/wp-json\/wp\/v2\/pages\/177\/revisions\/815"}],"wp:attachment":[{"href":"https:\/\/macontroletechnique.com\/index.php\/wp-json\/wp\/v2\/media?parent=177"}],"curies":[{"name":"wp","href":"https:\/\/api.w.org\/{rel}","templated":true}]}}